{"id":504,"date":"2017-04-28T16:28:39","date_gmt":"2017-04-28T16:28:39","guid":{"rendered":"https:\/\/podologiaclaret.com\/?page_id=504"},"modified":"2025-07-08T18:07:17","modified_gmt":"2025-07-08T16:07:17","slug":"estudis-biomecanics-barcelona","status":"publish","type":"page","link":"https:\/\/podologiaclaret.com\/ca\/estudis-biomecanics-barcelona\/","title":{"rendered":"ESTUDIS BIOMEC\u00c0NICS BARCELONA"},"content":{"rendered":"[vc_row][vc_column][vc_single_image image=&#8221;437&#8243; img_size=&#8221;full&#8221;][\/vc_column][\/vc_row][vc_row][vc_column width=&#8221;1\/2&#8243;][vc_empty_space height=&#8221;10px&#8221;][vc_column_text css=&#8221;.vc_custom_1492679823632{margin-right: 20px !important;}&#8221;]En primer lugar realizaremos una exploraci\u00f3n articular y muscular de las extremidades inferiores incluyendoi pie, tobillo, rodilla y cadera, con la finalidad de hallar fallos en los par\u00e1metros de normalidad. Seguidamente realizaremos una palpaci\u00f3n focalizada en encontrar puntos dolorosos y\/o inflamatorios. Ambos pasos son de vital importancia para el diagn\u00f3stico y tratamiento de cada caso.<\/p>\n<p>Por \u00faltimo, el estudio biomec\u00e1nico de la marcha, que consiste en el an\u00e1lisis de la posici\u00f3n del pie tanto en est\u00e1tica como en din\u00e1mica. Para ello nos ayudaremos de las \u00faltimas novedades tecnol\u00f3gicas en el sector, como <strong>Plataformas de Fuerzas Informatizadas<\/strong> <strong>y c\u00e1maras de filmaci\u00f3n en alta velocidad<\/strong>.<\/p>\n<p>Este servicio est\u00e1 orientado tanto a pacientes con dolencias concretas como: espol\u00f3n de calc\u00e1neo, fascitis plantar, metatarsalgias, tendinitis, esguinces, lumbalgias\u2026como a todo aquel paciente que desee prevenir la aparici\u00f3n de dichas lesiones o prevenir deformidades futuras como: juanetes, dedos en martillo\u2026[\/vc_column_text][\/vc_column][vc_column width=&#8221;1\/2&#8243;][vc_column_text]\n<p style=\"font-size: 24px;\">Pide tu cita online&#8230;<\/p>\n[\/vc_column_text][vc_column_text]<!--\nPlugin Name: Bookly - Responsive WordPress Appointment Booking and Scheduling Plugin\nPlugin URI: https:\/\/www.booking-wp-plugin.com\/?utm_source=bookly_admin&utm_medium=plugins_page&utm_campaign=plugins_page\nVersion: 25.6-->\n<style type=\"text\/css\">\n    :root {\n        --bookly-main-color: #0d5495 !important;\n        --bookly-color: #0d5495 !important;\n    }\n\n    <\/style><div class=\"bookly-css-root\">\n    <div id=\"bookly-form-69f4914c668bd\" class=\"bookly-form\" data-form_id=\"69f4914c668bd\" aria-live=\"polite\">\n        <div style=\"text-align: center\"><img decoding=\"async\" src=\"https:\/\/podologiaclaret.com\/wp-includes\/js\/tinymce\/skins\/lightgray\/img\/loader.gif\" alt=\"Loading...\"\/><\/div>\n    <\/div>\n<\/div>\n<script type=\"text\/javascript\">\n    (function (win, fn) {\n        var done = false, top = true,\n            doc = win.document,\n            root = doc.documentElement,\n            modern = doc.addEventListener,\n            add = modern ? 'addEventListener' : 'attachEvent',\n            rem = modern ? 'removeEventListener' : 'detachEvent',\n            pre = modern ? '' : 'on',\n            init = function (e) {\n                if (e.type == 'readystatechange') if (doc.readyState != 'complete') return;\n                (e.type == 'load' ? win : doc)[rem](pre + e.type, init, false);\n                if (!done) {\n                    done = true;\n                    fn.call(win, e.type || e);\n                }\n            },\n            poll = function () {\n                try {\n                    root.doScroll('left');\n                } catch (e) {\n                    setTimeout(poll, 50);\n                    return;\n                }\n                init('poll');\n            };\n        if (doc.readyState == 'complete') fn.call(win, 'lazy');\n        else {\n            if (!modern) if (root.doScroll) {\n                try {\n                    top = !win.frameElement;\n                } catch (e) {\n                }\n                if (top) poll();\n            }\n            doc[add](pre + 'DOMContentLoaded', init, false);\n            doc[add](pre + 'readystatechange', init, false);\n            win[add](pre + 'load', init, false);\n        }\n    })(window, function () {\n        window.bookly( {\"form_id\":\"69f4914c668bd\",\"status\":{\"booking\":\"new\"},\"skip_steps\":{\"service_part1\":0,\"service_part2\":0,\"extras\":1,\"time\":0,\"repeat\":1,\"cart\":1},\"errors\":{\"session_error\":\"Session error.\",\"form_id_error\":\"Form ID error.\",\"cart_item_not_available\":\"La hora seleccionada ya no est\\u00e1 disponible. Por favor elije otra ranura de hora.\",\"pay_locally_not_available\":\"Pay locally is not available.\",\"invalid_gateway\":\"Invalid gateway.\",\"payment_error\":\"Error.\",\"incorrect_username_password\":\"Nom d'usuari o contrasenya incorrectes.\"},\"form_attributes\":{\"hide_categories\":true,\"hide_services\":false,\"hide_staff_members\":true,\"show_number_of_persons\":false,\"hide_service_duration\":true,\"hide_locations\":true,\"hide_quantity\":true,\"hide_date\":false,\"hide_week_days\":false,\"hide_time_range\":false},\"use_client_time_zone\":0,\"defaults\":{\"service_id\":0,\"staff_id\":0,\"location_id\":0,\"category_id\":0},\"datepicker_mode\":\"text-accent\"} );\n    });\n<\/script>[\/vc_column_text][\/vc_column][\/vc_row][vc_row full_width=&#8221;stretch_row_content&#8221; css=&#8221;.vc_custom_1490109100227{margin-right: 0px !important;margin-left: 0px !important;padding-top: 0px !important;padding-right: 0px !important;padding-bottom: 0px !important;padding-left: 0px !important;}&#8221;][vc_column width=&#8221;1\/2&#8243; css=&#8221;.vc_custom_1490109279450{margin-right: 0px !important;margin-left: 0px !important;padding-right: 0px !important;padding-left: 0px !important;}&#8221;][vc_gmaps link=&#8221;#E-8_JTNDaWZyYW1lJTIwc3JjJTNEJTIyaHR0cHMlM0ElMkYlMkZ3d3cuZ29vZ2xlLmNvbSUyRm1hcHMlMkZlbWJlZCUzRnBiJTNEJTIxMW0xOCUyMTFtMTIlMjExbTMlMjExZDI5OTIuNjIyNDI1MjI2MTU3MiUyMTJkMi4xNjI4MjQyMTU0MjYyOTA3JTIxM2Q0MS40MDQwMDU0NzkyNjI2MTUlMjEybTMlMjExZjAlMjEyZjAlMjEzZjAlMjEzbTIlMjExaTEwMjQlMjEyaTc2OCUyMTRmMTMuMSUyMTNtMyUyMTFtMiUyMTFzMHgxMmE0YTJjMDg0YTY1NjgzJTI1M0EweDUwNWZhOTBjNDM4NDNjMTMlMjEyc0NhcnJlciUyQmRlJTJCU2FudCUyQkFudG9uaSUyQk1hcmlhJTJCQ2xhcmV0JTI1MkMlMkIzMCUyNTJDJTJCMDgwMzclMkJCYXJjZWxvbmElMjE1ZTAlMjEzbTIlMjExc2VuJTIxMnNlcyUyMTR2MTQ5MDA4ODkyMzE5NiUyMiUyMHdpZHRoJTNEJTIyNjAwJTIyJTIwaGVpZ2h0JTNEJTIyMzI1JTIyJTIwZnJhbWVib3JkZXIlM0QlMjIwJTIyJTIwc3R5bGUlM0QlMjJib3JkZXIlM0EwJTIyJTIwYWxsb3dmdWxsc2NyZWVuJTNFJTNDJTJGaWZyYW1lJTNF&#8221; css=&#8221;.vc_custom_1490109355426{margin-top: 0px !important;margin-right: 0px !important;margin-bottom: 0px !important;margin-left: 0px !important;padding-top: 0px !important;padding-right: 0px !important;padding-bottom: 0px !important;padding-left: 0px !important;}&#8221;][\/vc_column][vc_column width=&#8221;1\/2&#8243; css=&#8221;.vc_custom_1490090690796{background-color: #1f5da6 !important;}&#8221;][vc_column_text css=&#8221;.vc_custom_1490865816873{margin-left: 0px !important;border-left-width: 0px !important;padding-top: 0px !important;padding-bottom: 0px !important;padding-left: 0px !important;}&#8221;]\n<p style=\"font-size: 20px;\"><span style=\"color: #ffffff;\">D\u00f3nde estamos<\/span><\/p>\n<p style=\"font-size: 12px;\"><strong><span style=\"color: #ffffff;\">DIRECCI\u00d3N:<\/span><\/strong><\/p>\n<p style=\"font-size: 14px;\"><span style=\"color: #ffffff;\">Carrer de Sant Antoni Maria Claret, 30 &#8211; 08037, Barrio de Gracia (Barcelona)<\/span><\/p>\n<p style=\"font-size: 12px;\"><span style=\"color: #ffffff;\"><strong>TEL\u00c9FONO:<\/strong> 934 57 05 49 <strong>EMAIL:<\/strong> info@podologiaclaret.com<\/span><\/p>\n<p style=\"font-size: 12px;\"><strong><span style=\"color: #ffffff;\">C\u00d3MO LLEGAR<\/span><\/strong><\/p>\n<p style=\"font-size: 12px;\"><img loading=\"lazy\" decoding=\"async\" class=\"alignnone size-full wp-image-127\" src=\"https:\/\/podologiaclaret.com\/wp-content\/uploads\/2017\/03\/metro.png\" alt=\"\" width=\"66\" height=\"39\" \/><span style=\"color: #ffffff;\">Joanic<\/span><img loading=\"lazy\" decoding=\"async\" class=\"alignnone size-medium wp-image-128\" src=\"https:\/\/podologiaclaret.com\/wp-content\/uploads\/2017\/03\/metro-stop.png\" alt=\"\" width=\"66\" height=\"39\" \/><span style=\"color: #ffffff;\">Sagrada Famila<\/span><img loading=\"lazy\" decoding=\"async\" class=\"alignnone size-full wp-image-126\" src=\"https:\/\/podologiaclaret.com\/wp-content\/uploads\/2017\/03\/bus-lines.png\" alt=\"\" width=\"216\" height=\"39\" \/><\/p>\n[\/vc_column_text][\/vc_column][\/vc_row]\n","protected":false},"excerpt":{"rendered":"<p>[vc_row][vc_column][vc_single_image image=&#8221;437&#8243; img_size=&#8221;full&#8221;][\/vc_column][\/vc_row][vc_row][vc_column width=&#8221;1\/2&#8243;][vc_empty_space height=&#8221;10px&#8221;][vc_column_text css=&#8221;.vc_custom_1492679823632{margin-right: 20px !important;}&#8221;]En primer lugar realizaremos una exploraci\u00f3n articular y muscular de las extremidades inferiores incluyendoi pie, tobillo, rodilla y cadera, con la finalidad de hallar fallos en los par\u00e1metros de normalidad. Seguidamente realizaremos una palpaci\u00f3n focalizada en encontrar puntos dolorosos y\/o inflamatorios. Ambos pasos son de vital importancia para<\/p>\n","protected":false},"author":1,"featured_media":1047,"parent":0,"menu_order":0,"comment_status":"closed","ping_status":"closed","template":"","meta":{"_joinchat":[],"footnotes":""},"class_list":["post-504","page","type-page","status-publish","has-post-thumbnail","hentry"],"yoast_head":"<!-- This site is optimized with the Yoast SEO plugin v25.8 - https:\/\/yoast.com\/wordpress\/plugins\/seo\/ -->\n<title>Estudis Biomec\u00e0nics a Barcelona | Podologia Claret<\/title>\n<meta name=\"robots\" content=\"index, follow, max-snippet:-1, max-image-preview:large, max-video-preview:-1\" \/>\n<link rel=\"canonical\" href=\"https:\/\/podologiaclaret.com\/ca\/estudis-biomecanics-barcelona\/\" \/>\n<meta property=\"og:locale\" content=\"ca_ES\" \/>\n<meta property=\"og:type\" content=\"article\" \/>\n<meta property=\"og:title\" content=\"Estudis Biomec\u00e0nics a Barcelona | Podologia Claret\" \/>\n<meta property=\"og:description\" content=\"[vc_row][vc_column][vc_single_image image=&#8221;437&#8243; img_size=&#8221;full&#8221;][\/vc_column][\/vc_row][vc_row][vc_column width=&#8221;1\/2&#8243;][vc_empty_space height=&#8221;10px&#8221;][vc_column_text css=&#8221;.vc_custom_1492679823632{margin-right: 20px !important;}&#8221;]En primer lugar realizaremos una exploraci\u00f3n articular y muscular de las extremidades inferiores incluyendoi pie, tobillo, rodilla y cadera, con la finalidad de hallar fallos en los par\u00e1metros de normalidad. Seguidamente realizaremos una palpaci\u00f3n focalizada en encontrar puntos dolorosos y\/o inflamatorios. Ambos pasos son de vital importancia para\" \/>\n<meta property=\"og:url\" content=\"https:\/\/podologiaclaret.com\/ca\/estudis-biomecanics-barcelona\/\" \/>\n<meta property=\"og:site_name\" content=\"Podolog\u00eda Claret\" \/>\n<meta property=\"article:modified_time\" content=\"2025-07-08T16:07:17+00:00\" \/>\n<meta property=\"og:image\" content=\"https:\/\/podologiaclaret.com\/wp-content\/uploads\/2021\/08\/PodologiaClaret-162-copia_compress-1.png\" \/>\n\t<meta property=\"og:image:width\" content=\"523\" \/>\n\t<meta property=\"og:image:height\" content=\"581\" \/>\n\t<meta property=\"og:image:type\" content=\"image\/png\" \/>\n<meta name=\"twitter:card\" content=\"summary_large_image\" \/>\n<meta name=\"twitter:label1\" content=\"Temps estimat de lectura\" \/>\n\t<meta name=\"twitter:data1\" content=\"2 minuts\" \/>\n<script type=\"application\/ld+json\" class=\"yoast-schema-graph\">{\"@context\":\"https:\/\/schema.org\",\"@graph\":[{\"@type\":\"WebPage\",\"@id\":\"https:\/\/podologiaclaret.com\/ca\/estudis-biomecanics-barcelona\/\",\"url\":\"https:\/\/podologiaclaret.com\/ca\/estudis-biomecanics-barcelona\/\",\"name\":\"Estudis Biomec\u00e0nics a Barcelona | Podologia Claret\",\"isPartOf\":{\"@id\":\"https:\/\/podologiaclaret.com\/#website\"},\"primaryImageOfPage\":{\"@id\":\"https:\/\/podologiaclaret.com\/ca\/estudis-biomecanics-barcelona\/#primaryimage\"},\"image\":{\"@id\":\"https:\/\/podologiaclaret.com\/ca\/estudis-biomecanics-barcelona\/#primaryimage\"},\"thumbnailUrl\":\"https:\/\/podologiaclaret.com\/wp-content\/uploads\/2021\/08\/PodologiaClaret-162-copia_compress-1.png\",\"datePublished\":\"2017-04-28T16:28:39+00:00\",\"dateModified\":\"2025-07-08T16:07:17+00:00\",\"breadcrumb\":{\"@id\":\"https:\/\/podologiaclaret.com\/ca\/estudis-biomecanics-barcelona\/#breadcrumb\"},\"inLanguage\":\"ca\",\"potentialAction\":[{\"@type\":\"ReadAction\",\"target\":[\"https:\/\/podologiaclaret.com\/ca\/estudis-biomecanics-barcelona\/\"]}]},{\"@type\":\"ImageObject\",\"inLanguage\":\"ca\",\"@id\":\"https:\/\/podologiaclaret.com\/ca\/estudis-biomecanics-barcelona\/#primaryimage\",\"url\":\"https:\/\/podologiaclaret.com\/wp-content\/uploads\/2021\/08\/PodologiaClaret-162-copia_compress-1.png\",\"contentUrl\":\"https:\/\/podologiaclaret.com\/wp-content\/uploads\/2021\/08\/PodologiaClaret-162-copia_compress-1.png\",\"width\":523,\"height\":581},{\"@type\":\"BreadcrumbList\",\"@id\":\"https:\/\/podologiaclaret.com\/ca\/estudis-biomecanics-barcelona\/#breadcrumb\",\"itemListElement\":[{\"@type\":\"ListItem\",\"position\":1,\"name\":\"Portada\",\"item\":\"https:\/\/podologiaclaret.com\/ca\/\"},{\"@type\":\"ListItem\",\"position\":2,\"name\":\"ESTUDIS BIOMEC\u00c0NICS BARCELONA\"}]},{\"@type\":\"WebSite\",\"@id\":\"https:\/\/podologiaclaret.com\/#website\",\"url\":\"https:\/\/podologiaclaret.com\/\",\"name\":\"Podolog\u00eda Claret\",\"description\":\"Centro de podolog\u00eda en Gracia, Barcelona\",\"publisher\":{\"@id\":\"https:\/\/podologiaclaret.com\/#organization\"},\"potentialAction\":[{\"@type\":\"SearchAction\",\"target\":{\"@type\":\"EntryPoint\",\"urlTemplate\":\"https:\/\/podologiaclaret.com\/?s={search_term_string}\"},\"query-input\":{\"@type\":\"PropertyValueSpecification\",\"valueRequired\":true,\"valueName\":\"search_term_string\"}}],\"inLanguage\":\"ca\"},{\"@type\":\"Organization\",\"@id\":\"https:\/\/podologiaclaret.com\/#organization\",\"name\":\"Podolog\u00eda Claret\",\"url\":\"https:\/\/podologiaclaret.com\/\",\"logo\":{\"@type\":\"ImageObject\",\"inLanguage\":\"ca\",\"@id\":\"https:\/\/podologiaclaret.com\/#\/schema\/logo\/image\/\",\"url\":\"https:\/\/podologiaclaret.com\/wp-content\/uploads\/2021\/08\/podologia.svg\",\"contentUrl\":\"https:\/\/podologiaclaret.com\/wp-content\/uploads\/2021\/08\/podologia.svg\",\"width\":253,\"height\":72,\"caption\":\"Podolog\u00eda Claret\"},\"image\":{\"@id\":\"https:\/\/podologiaclaret.com\/#\/schema\/logo\/image\/\"}}]}<\/script>\n<!-- \/ Yoast SEO plugin. -->","yoast_head_json":{"title":"Estudis Biomec\u00e0nics a Barcelona | Podologia Claret","robots":{"index":"index","follow":"follow","max-snippet":"max-snippet:-1","max-image-preview":"max-image-preview:large","max-video-preview":"max-video-preview:-1"},"canonical":"https:\/\/podologiaclaret.com\/ca\/estudis-biomecanics-barcelona\/","og_locale":"ca_ES","og_type":"article","og_title":"Estudis Biomec\u00e0nics a Barcelona | Podologia Claret","og_description":"[vc_row][vc_column][vc_single_image image=&#8221;437&#8243; img_size=&#8221;full&#8221;][\/vc_column][\/vc_row][vc_row][vc_column width=&#8221;1\/2&#8243;][vc_empty_space height=&#8221;10px&#8221;][vc_column_text css=&#8221;.vc_custom_1492679823632{margin-right: 20px !important;}&#8221;]En primer lugar realizaremos una exploraci\u00f3n articular y muscular de las extremidades inferiores incluyendoi pie, tobillo, rodilla y cadera, con la finalidad de hallar fallos en los par\u00e1metros de normalidad. Seguidamente realizaremos una palpaci\u00f3n focalizada en encontrar puntos dolorosos y\/o inflamatorios. Ambos pasos son de vital importancia para","og_url":"https:\/\/podologiaclaret.com\/ca\/estudis-biomecanics-barcelona\/","og_site_name":"Podolog\u00eda Claret","article_modified_time":"2025-07-08T16:07:17+00:00","og_image":[{"width":523,"height":581,"url":"https:\/\/podologiaclaret.com\/wp-content\/uploads\/2021\/08\/PodologiaClaret-162-copia_compress-1.png","type":"image\/png"}],"twitter_card":"summary_large_image","twitter_misc":{"Temps estimat de lectura":"2 minuts"},"schema":{"@context":"https:\/\/schema.org","@graph":[{"@type":"WebPage","@id":"https:\/\/podologiaclaret.com\/ca\/estudis-biomecanics-barcelona\/","url":"https:\/\/podologiaclaret.com\/ca\/estudis-biomecanics-barcelona\/","name":"Estudis Biomec\u00e0nics a Barcelona | Podologia Claret","isPartOf":{"@id":"https:\/\/podologiaclaret.com\/#website"},"primaryImageOfPage":{"@id":"https:\/\/podologiaclaret.com\/ca\/estudis-biomecanics-barcelona\/#primaryimage"},"image":{"@id":"https:\/\/podologiaclaret.com\/ca\/estudis-biomecanics-barcelona\/#primaryimage"},"thumbnailUrl":"https:\/\/podologiaclaret.com\/wp-content\/uploads\/2021\/08\/PodologiaClaret-162-copia_compress-1.png","datePublished":"2017-04-28T16:28:39+00:00","dateModified":"2025-07-08T16:07:17+00:00","breadcrumb":{"@id":"https:\/\/podologiaclaret.com\/ca\/estudis-biomecanics-barcelona\/#breadcrumb"},"inLanguage":"ca","potentialAction":[{"@type":"ReadAction","target":["https:\/\/podologiaclaret.com\/ca\/estudis-biomecanics-barcelona\/"]}]},{"@type":"ImageObject","inLanguage":"ca","@id":"https:\/\/podologiaclaret.com\/ca\/estudis-biomecanics-barcelona\/#primaryimage","url":"https:\/\/podologiaclaret.com\/wp-content\/uploads\/2021\/08\/PodologiaClaret-162-copia_compress-1.png","contentUrl":"https:\/\/podologiaclaret.com\/wp-content\/uploads\/2021\/08\/PodologiaClaret-162-copia_compress-1.png","width":523,"height":581},{"@type":"BreadcrumbList","@id":"https:\/\/podologiaclaret.com\/ca\/estudis-biomecanics-barcelona\/#breadcrumb","itemListElement":[{"@type":"ListItem","position":1,"name":"Portada","item":"https:\/\/podologiaclaret.com\/ca\/"},{"@type":"ListItem","position":2,"name":"ESTUDIS BIOMEC\u00c0NICS BARCELONA"}]},{"@type":"WebSite","@id":"https:\/\/podologiaclaret.com\/#website","url":"https:\/\/podologiaclaret.com\/","name":"Podolog\u00eda Claret","description":"Centro de podolog\u00eda en Gracia, Barcelona","publisher":{"@id":"https:\/\/podologiaclaret.com\/#organization"},"potentialAction":[{"@type":"SearchAction","target":{"@type":"EntryPoint","urlTemplate":"https:\/\/podologiaclaret.com\/?s={search_term_string}"},"query-input":{"@type":"PropertyValueSpecification","valueRequired":true,"valueName":"search_term_string"}}],"inLanguage":"ca"},{"@type":"Organization","@id":"https:\/\/podologiaclaret.com\/#organization","name":"Podolog\u00eda Claret","url":"https:\/\/podologiaclaret.com\/","logo":{"@type":"ImageObject","inLanguage":"ca","@id":"https:\/\/podologiaclaret.com\/#\/schema\/logo\/image\/","url":"https:\/\/podologiaclaret.com\/wp-content\/uploads\/2021\/08\/podologia.svg","contentUrl":"https:\/\/podologiaclaret.com\/wp-content\/uploads\/2021\/08\/podologia.svg","width":253,"height":72,"caption":"Podolog\u00eda Claret"},"image":{"@id":"https:\/\/podologiaclaret.com\/#\/schema\/logo\/image\/"}}]}},"_links":{"self":[{"href":"https:\/\/podologiaclaret.com\/ca\/wp-json\/wp\/v2\/pages\/504","targetHints":{"allow":["GET"]}}],"collection":[{"href":"https:\/\/podologiaclaret.com\/ca\/wp-json\/wp\/v2\/pages"}],"about":[{"href":"https:\/\/podologiaclaret.com\/ca\/wp-json\/wp\/v2\/types\/page"}],"author":[{"embeddable":true,"href":"https:\/\/podologiaclaret.com\/ca\/wp-json\/wp\/v2\/users\/1"}],"replies":[{"embeddable":true,"href":"https:\/\/podologiaclaret.com\/ca\/wp-json\/wp\/v2\/comments?post=504"}],"version-history":[{"count":6,"href":"https:\/\/podologiaclaret.com\/ca\/wp-json\/wp\/v2\/pages\/504\/revisions"}],"predecessor-version":[{"id":2047,"href":"https:\/\/podologiaclaret.com\/ca\/wp-json\/wp\/v2\/pages\/504\/revisions\/2047"}],"wp:featuredmedia":[{"embeddable":true,"href":"https:\/\/podologiaclaret.com\/ca\/wp-json\/wp\/v2\/media\/1047"}],"wp:attachment":[{"href":"https:\/\/podologiaclaret.com\/ca\/wp-json\/wp\/v2\/media?parent=504"}],"curies":[{"name":"wp","href":"https:\/\/api.w.org\/{rel}","templated":true}]}}