{"id":1606,"date":"2024-02-05T14:01:22","date_gmt":"2024-02-05T13:01:22","guid":{"rendered":"https:\/\/podologiaclaret.com\/infiltraciones\/"},"modified":"2025-07-08T19:45:23","modified_gmt":"2025-07-08T17:45:23","slug":"infiltracions","status":"publish","type":"page","link":"https:\/\/podologiaclaret.com\/ca\/infiltracions\/","title":{"rendered":"INFILTRACIONS"},"content":{"rendered":"[vc_row][vc_column][vc_single_image image=&#8221;437&#8243; img_size=&#8221;full&#8221;][\/vc_column][\/vc_row][vc_row][vc_column width=&#8221;1\/2&#8243;][vc_empty_space height=&#8221;10px&#8221;][vc_column_text css=&#8221;.vc_custom_1492685526035{margin-right: 20px !important;}&#8221;]\n<p dir=\"ltr\">Les infiltracions consisteixen a introduir, mitjan\u00e7ant una punci\u00f3, un medicament en una zona adolorida. Els medicaments m\u00e9s freq\u00fcents s\u00f3n corticoides barrejats amb un anest\u00e8sic per tal de reduir la inflamaci\u00f3 i accelerar el proc\u00e9s de curaci\u00f3. Altres medicaments utilitzats s\u00f3n Colagen MD i Traumeel.<\/p>\n<p dir=\"ltr\">Generalment s\u00f3n utilitzats en metatars\u00e0lgies severes, fascitis\/fasciosi plantar i esperons de calcani.<\/p>\n[\/vc_column_text][\/vc_column][vc_column width=&#8221;1\/2&#8243;][vc_column_text]\n<p style=\"font-size: 24px;\">Demana cita online&#8230;<\/p>\n[\/vc_column_text][vc_column_text]<!--\nPlugin Name: Bookly - Responsive WordPress Appointment Booking and Scheduling Plugin\nPlugin URI: https:\/\/www.booking-wp-plugin.com\/?utm_source=bookly_admin&utm_medium=plugins_page&utm_campaign=plugins_page\nVersion: 25.6-->\n<style type=\"text\/css\">\n    :root {\n        --bookly-main-color: #0d5495 !important;\n        --bookly-color: #0d5495 !important;\n    }\n\n    <\/style><div class=\"bookly-css-root\">\n    <div id=\"bookly-form-69f4a07203f49\" class=\"bookly-form\" data-form_id=\"69f4a07203f49\" aria-live=\"polite\">\n        <div style=\"text-align: center\"><img decoding=\"async\" src=\"https:\/\/podologiaclaret.com\/wp-includes\/js\/tinymce\/skins\/lightgray\/img\/loader.gif\" alt=\"Loading...\"\/><\/div>\n    <\/div>\n<\/div>\n<script type=\"text\/javascript\">\n    (function (win, fn) {\n        var done = false, top = true,\n            doc = win.document,\n            root = doc.documentElement,\n            modern = doc.addEventListener,\n            add = modern ? 'addEventListener' : 'attachEvent',\n            rem = modern ? 'removeEventListener' : 'detachEvent',\n            pre = modern ? '' : 'on',\n            init = function (e) {\n                if (e.type == 'readystatechange') if (doc.readyState != 'complete') return;\n                (e.type == 'load' ? win : doc)[rem](pre + e.type, init, false);\n                if (!done) {\n                    done = true;\n                    fn.call(win, e.type || e);\n                }\n            },\n            poll = function () {\n                try {\n                    root.doScroll('left');\n                } catch (e) {\n                    setTimeout(poll, 50);\n                    return;\n                }\n                init('poll');\n            };\n        if (doc.readyState == 'complete') fn.call(win, 'lazy');\n        else {\n            if (!modern) if (root.doScroll) {\n                try {\n                    top = !win.frameElement;\n                } catch (e) {\n                }\n                if (top) poll();\n            }\n            doc[add](pre + 'DOMContentLoaded', init, false);\n            doc[add](pre + 'readystatechange', init, false);\n            win[add](pre + 'load', init, false);\n        }\n    })(window, function () {\n        window.bookly( {\"form_id\":\"69f4a07203f49\",\"status\":{\"booking\":\"new\"},\"skip_steps\":{\"service_part1\":0,\"service_part2\":0,\"extras\":1,\"time\":0,\"repeat\":1,\"cart\":1},\"errors\":{\"session_error\":\"Session error.\",\"form_id_error\":\"Form ID error.\",\"cart_item_not_available\":\"La hora seleccionada ya no est\\u00e1 disponible. Por favor elije otra ranura de hora.\",\"pay_locally_not_available\":\"Pay locally is not available.\",\"invalid_gateway\":\"Invalid gateway.\",\"payment_error\":\"Error.\",\"incorrect_username_password\":\"Nom d'usuari o contrasenya incorrectes.\"},\"form_attributes\":{\"hide_categories\":true,\"hide_services\":false,\"hide_staff_members\":true,\"show_number_of_persons\":false,\"hide_service_duration\":true,\"hide_locations\":true,\"hide_quantity\":true,\"hide_date\":false,\"hide_week_days\":false,\"hide_time_range\":false},\"use_client_time_zone\":0,\"defaults\":{\"service_id\":0,\"staff_id\":0,\"location_id\":0,\"category_id\":0},\"datepicker_mode\":\"text-accent\"} );\n    });\n<\/script>[\/vc_column_text][\/vc_column][\/vc_row][vc_row full_width=&#8221;stretch_row_content&#8221; css=&#8221;.vc_custom_1490109100227{margin-right: 0px !important;margin-left: 0px !important;padding-top: 0px !important;padding-right: 0px !important;padding-bottom: 0px !important;padding-left: 0px !important;}&#8221;][vc_column width=&#8221;1\/2&#8243; css=&#8221;.vc_custom_1490109279450{margin-right: 0px !important;margin-left: 0px !important;padding-right: 0px !important;padding-left: 0px !important;}&#8221;][vc_gmaps link=&#8221;#E-8_JTNDaWZyYW1lJTIwc3JjJTNEJTIyaHR0cHMlM0ElMkYlMkZ3d3cuZ29vZ2xlLmNvbSUyRm1hcHMlMkZlbWJlZCUzRnBiJTNEJTIxMW0xOCUyMTFtMTIlMjExbTMlMjExZDI5OTIuNjIyNDI1MjI2MTU3MiUyMTJkMi4xNjI4MjQyMTU0MjYyOTA3JTIxM2Q0MS40MDQwMDU0NzkyNjI2MTUlMjEybTMlMjExZjAlMjEyZjAlMjEzZjAlMjEzbTIlMjExaTEwMjQlMjEyaTc2OCUyMTRmMTMuMSUyMTNtMyUyMTFtMiUyMTFzMHgxMmE0YTJjMDg0YTY1NjgzJTI1M0EweDUwNWZhOTBjNDM4NDNjMTMlMjEyc0NhcnJlciUyQmRlJTJCU2FudCUyQkFudG9uaSUyQk1hcmlhJTJCQ2xhcmV0JTI1MkMlMkIzMCUyNTJDJTJCMDgwMzclMkJCYXJjZWxvbmElMjE1ZTAlMjEzbTIlMjExc2VuJTIxMnNlcyUyMTR2MTQ5MDA4ODkyMzE5NiUyMiUyMHdpZHRoJTNEJTIyNjAwJTIyJTIwaGVpZ2h0JTNEJTIyMzI1JTIyJTIwZnJhbWVib3JkZXIlM0QlMjIwJTIyJTIwc3R5bGUlM0QlMjJib3JkZXIlM0EwJTIyJTIwYWxsb3dmdWxsc2NyZWVuJTNFJTNDJTJGaWZyYW1lJTNF&#8221; css=&#8221;.vc_custom_1490109355426{margin-top: 0px !important;margin-right: 0px !important;margin-bottom: 0px !important;margin-left: 0px !important;padding-top: 0px !important;padding-right: 0px !important;padding-bottom: 0px !important;padding-left: 0px !important;}&#8221;][\/vc_column][vc_column width=&#8221;1\/2&#8243; css=&#8221;.vc_custom_1490090690796{background-color: #1f5da6 !important;}&#8221;][vc_column_text css=&#8221;.vc_custom_1490865816873{margin-left: 0px !important;border-left-width: 0px !important;padding-top: 0px !important;padding-bottom: 0px !important;padding-left: 0px !important;}&#8221;]\n<p style=\"font-size: 20px;\"><span style=\"color: #ffffff;\">D\u00f3nde estamos<\/span><\/p>\n<p style=\"font-size: 12px;\"><strong><span style=\"color: #ffffff;\">DIRECCI\u00d3N:<\/span><\/strong><\/p>\n<p style=\"font-size: 14px;\"><span style=\"color: #ffffff;\">Carrer de Sant Antoni Maria Claret, 30 &#8211; 08037, Barrio de Gracia (Barcelona)<\/span><\/p>\n<p style=\"font-size: 12px;\"><span style=\"color: #ffffff;\"><strong>TEL\u00c9FONO:<\/strong> 934 57 05 49 <strong>EMAIL:<\/strong> info@podologiaclaret.com<\/span><\/p>\n<p style=\"font-size: 12px;\"><strong><span style=\"color: #ffffff;\">C\u00d3MO LLEGAR<\/span><\/strong><\/p>\n<p style=\"font-size: 12px;\"><img loading=\"lazy\" decoding=\"async\" class=\"alignnone size-full wp-image-127\" src=\"https:\/\/podologiaclaret.com\/wp-content\/uploads\/2017\/03\/metro.png\" alt=\"\" width=\"66\" height=\"39\" \/><span style=\"color: #ffffff;\">Joanic<\/span><img loading=\"lazy\" decoding=\"async\" class=\"alignnone size-medium wp-image-128\" src=\"https:\/\/podologiaclaret.com\/wp-content\/uploads\/2017\/03\/metro-stop.png\" alt=\"\" width=\"66\" height=\"39\" \/><span style=\"color: #ffffff;\">Sagrada Famila<\/span><img loading=\"lazy\" decoding=\"async\" class=\"alignnone size-full wp-image-126\" src=\"https:\/\/podologiaclaret.com\/wp-content\/uploads\/2017\/03\/bus-lines.png\" alt=\"\" width=\"216\" height=\"39\" \/><\/p>\n[\/vc_column_text][\/vc_column][\/vc_row]\n","protected":false},"excerpt":{"rendered":"<p>[vc_row][vc_column][vc_single_image image=&#8221;437&#8243; img_size=&#8221;full&#8221;][\/vc_column][\/vc_row][vc_row][vc_column width=&#8221;1\/2&#8243;][vc_empty_space height=&#8221;10px&#8221;][vc_column_text css=&#8221;.vc_custom_1492685526035{margin-right: 20px !important;}&#8221;] Les infiltracions consisteixen a introduir, mitjan\u00e7ant una punci\u00f3, un medicament en una zona adolorida. Els medicaments m\u00e9s freq\u00fcents s\u00f3n corticoides barrejats amb un anest\u00e8sic per tal de reduir la inflamaci\u00f3 i accelerar el proc\u00e9s de curaci\u00f3. Altres medicaments utilitzats s\u00f3n Colagen MD i Traumeel. Generalment s\u00f3n utilitzats<\/p>\n","protected":false},"author":1,"featured_media":1620,"parent":0,"menu_order":0,"comment_status":"closed","ping_status":"closed","template":"","meta":{"_joinchat":[],"footnotes":""},"class_list":["post-1606","page","type-page","status-publish","has-post-thumbnail","hentry"],"yoast_head":"<!-- This site is optimized with the Yoast SEO plugin v25.8 - https:\/\/yoast.com\/wordpress\/plugins\/seo\/ -->\n<title>Infiltracions del peu | Podolog\u00eda Claret<\/title>\n<meta name=\"description\" content=\"Les infiltracions del peu s\u00f3n una t\u00e8cnica de suport per a moltes patologies podol\u00f2giques. Demana cita per a una exploraci\u00f3!\" \/>\n<meta name=\"robots\" content=\"index, follow, max-snippet:-1, max-image-preview:large, max-video-preview:-1\" \/>\n<link rel=\"canonical\" href=\"https:\/\/podologiaclaret.com\/ca\/infiltracions\/\" \/>\n<meta property=\"og:locale\" content=\"ca_ES\" \/>\n<meta property=\"og:type\" content=\"article\" \/>\n<meta property=\"og:title\" content=\"Infiltracions del peu | Podolog\u00eda Claret\" \/>\n<meta property=\"og:description\" content=\"Les infiltracions del peu s\u00f3n una t\u00e8cnica de suport per a moltes patologies podol\u00f2giques. Demana cita per a una exploraci\u00f3!\" \/>\n<meta property=\"og:url\" content=\"https:\/\/podologiaclaret.com\/ca\/infiltracions\/\" \/>\n<meta property=\"og:site_name\" content=\"Podolog\u00eda Claret\" \/>\n<meta property=\"article:modified_time\" content=\"2025-07-08T17:45:23+00:00\" \/>\n<meta property=\"og:image\" content=\"https:\/\/podologiaclaret.com\/wp-content\/uploads\/2024\/02\/Sin-ti\u0301tulo-1.jpg\" \/>\n\t<meta property=\"og:image:width\" content=\"383\" \/>\n\t<meta property=\"og:image:height\" content=\"293\" \/>\n\t<meta property=\"og:image:type\" content=\"image\/jpeg\" \/>\n<meta name=\"twitter:card\" content=\"summary_large_image\" \/>\n<meta name=\"twitter:label1\" content=\"Temps estimat de lectura\" \/>\n\t<meta name=\"twitter:data1\" content=\"2 minuts\" \/>\n<script type=\"application\/ld+json\" class=\"yoast-schema-graph\">{\"@context\":\"https:\/\/schema.org\",\"@graph\":[{\"@type\":\"WebPage\",\"@id\":\"https:\/\/podologiaclaret.com\/ca\/infiltracions\/\",\"url\":\"https:\/\/podologiaclaret.com\/ca\/infiltracions\/\",\"name\":\"Infiltracions del peu | Podolog\u00eda Claret\",\"isPartOf\":{\"@id\":\"https:\/\/podologiaclaret.com\/#website\"},\"primaryImageOfPage\":{\"@id\":\"https:\/\/podologiaclaret.com\/ca\/infiltracions\/#primaryimage\"},\"image\":{\"@id\":\"https:\/\/podologiaclaret.com\/ca\/infiltracions\/#primaryimage\"},\"thumbnailUrl\":\"https:\/\/podologiaclaret.com\/wp-content\/uploads\/2024\/02\/Sin-ti\u0301tulo-1.jpg\",\"datePublished\":\"2024-02-05T13:01:22+00:00\",\"dateModified\":\"2025-07-08T17:45:23+00:00\",\"description\":\"Les infiltracions del peu s\u00f3n una t\u00e8cnica de suport per a moltes patologies podol\u00f2giques. Demana cita per a una exploraci\u00f3!\",\"breadcrumb\":{\"@id\":\"https:\/\/podologiaclaret.com\/ca\/infiltracions\/#breadcrumb\"},\"inLanguage\":\"ca\",\"potentialAction\":[{\"@type\":\"ReadAction\",\"target\":[\"https:\/\/podologiaclaret.com\/ca\/infiltracions\/\"]}]},{\"@type\":\"ImageObject\",\"inLanguage\":\"ca\",\"@id\":\"https:\/\/podologiaclaret.com\/ca\/infiltracions\/#primaryimage\",\"url\":\"https:\/\/podologiaclaret.com\/wp-content\/uploads\/2024\/02\/Sin-ti\u0301tulo-1.jpg\",\"contentUrl\":\"https:\/\/podologiaclaret.com\/wp-content\/uploads\/2024\/02\/Sin-ti\u0301tulo-1.jpg\",\"width\":383,\"height\":293},{\"@type\":\"BreadcrumbList\",\"@id\":\"https:\/\/podologiaclaret.com\/ca\/infiltracions\/#breadcrumb\",\"itemListElement\":[{\"@type\":\"ListItem\",\"position\":1,\"name\":\"Portada\",\"item\":\"https:\/\/podologiaclaret.com\/ca\/\"},{\"@type\":\"ListItem\",\"position\":2,\"name\":\"INFILTRACIONS\"}]},{\"@type\":\"WebSite\",\"@id\":\"https:\/\/podologiaclaret.com\/#website\",\"url\":\"https:\/\/podologiaclaret.com\/\",\"name\":\"Podolog\u00eda Claret\",\"description\":\"Centro de podolog\u00eda en Gracia, Barcelona\",\"publisher\":{\"@id\":\"https:\/\/podologiaclaret.com\/#organization\"},\"potentialAction\":[{\"@type\":\"SearchAction\",\"target\":{\"@type\":\"EntryPoint\",\"urlTemplate\":\"https:\/\/podologiaclaret.com\/?s={search_term_string}\"},\"query-input\":{\"@type\":\"PropertyValueSpecification\",\"valueRequired\":true,\"valueName\":\"search_term_string\"}}],\"inLanguage\":\"ca\"},{\"@type\":\"Organization\",\"@id\":\"https:\/\/podologiaclaret.com\/#organization\",\"name\":\"Podolog\u00eda Claret\",\"url\":\"https:\/\/podologiaclaret.com\/\",\"logo\":{\"@type\":\"ImageObject\",\"inLanguage\":\"ca\",\"@id\":\"https:\/\/podologiaclaret.com\/#\/schema\/logo\/image\/\",\"url\":\"https:\/\/podologiaclaret.com\/wp-content\/uploads\/2021\/08\/podologia.svg\",\"contentUrl\":\"https:\/\/podologiaclaret.com\/wp-content\/uploads\/2021\/08\/podologia.svg\",\"width\":253,\"height\":72,\"caption\":\"Podolog\u00eda Claret\"},\"image\":{\"@id\":\"https:\/\/podologiaclaret.com\/#\/schema\/logo\/image\/\"}}]}<\/script>\n<!-- \/ Yoast SEO plugin. -->","yoast_head_json":{"title":"Infiltracions del peu | Podolog\u00eda Claret","description":"Les infiltracions del peu s\u00f3n una t\u00e8cnica de suport per a moltes patologies podol\u00f2giques. Demana cita per a una exploraci\u00f3!","robots":{"index":"index","follow":"follow","max-snippet":"max-snippet:-1","max-image-preview":"max-image-preview:large","max-video-preview":"max-video-preview:-1"},"canonical":"https:\/\/podologiaclaret.com\/ca\/infiltracions\/","og_locale":"ca_ES","og_type":"article","og_title":"Infiltracions del peu | Podolog\u00eda Claret","og_description":"Les infiltracions del peu s\u00f3n una t\u00e8cnica de suport per a moltes patologies podol\u00f2giques. Demana cita per a una exploraci\u00f3!","og_url":"https:\/\/podologiaclaret.com\/ca\/infiltracions\/","og_site_name":"Podolog\u00eda Claret","article_modified_time":"2025-07-08T17:45:23+00:00","og_image":[{"width":383,"height":293,"url":"https:\/\/podologiaclaret.com\/wp-content\/uploads\/2024\/02\/Sin-ti\u0301tulo-1.jpg","type":"image\/jpeg"}],"twitter_card":"summary_large_image","twitter_misc":{"Temps estimat de lectura":"2 minuts"},"schema":{"@context":"https:\/\/schema.org","@graph":[{"@type":"WebPage","@id":"https:\/\/podologiaclaret.com\/ca\/infiltracions\/","url":"https:\/\/podologiaclaret.com\/ca\/infiltracions\/","name":"Infiltracions del peu | Podolog\u00eda Claret","isPartOf":{"@id":"https:\/\/podologiaclaret.com\/#website"},"primaryImageOfPage":{"@id":"https:\/\/podologiaclaret.com\/ca\/infiltracions\/#primaryimage"},"image":{"@id":"https:\/\/podologiaclaret.com\/ca\/infiltracions\/#primaryimage"},"thumbnailUrl":"https:\/\/podologiaclaret.com\/wp-content\/uploads\/2024\/02\/Sin-ti\u0301tulo-1.jpg","datePublished":"2024-02-05T13:01:22+00:00","dateModified":"2025-07-08T17:45:23+00:00","description":"Les infiltracions del peu s\u00f3n una t\u00e8cnica de suport per a moltes patologies podol\u00f2giques. Demana cita per a una exploraci\u00f3!","breadcrumb":{"@id":"https:\/\/podologiaclaret.com\/ca\/infiltracions\/#breadcrumb"},"inLanguage":"ca","potentialAction":[{"@type":"ReadAction","target":["https:\/\/podologiaclaret.com\/ca\/infiltracions\/"]}]},{"@type":"ImageObject","inLanguage":"ca","@id":"https:\/\/podologiaclaret.com\/ca\/infiltracions\/#primaryimage","url":"https:\/\/podologiaclaret.com\/wp-content\/uploads\/2024\/02\/Sin-ti\u0301tulo-1.jpg","contentUrl":"https:\/\/podologiaclaret.com\/wp-content\/uploads\/2024\/02\/Sin-ti\u0301tulo-1.jpg","width":383,"height":293},{"@type":"BreadcrumbList","@id":"https:\/\/podologiaclaret.com\/ca\/infiltracions\/#breadcrumb","itemListElement":[{"@type":"ListItem","position":1,"name":"Portada","item":"https:\/\/podologiaclaret.com\/ca\/"},{"@type":"ListItem","position":2,"name":"INFILTRACIONS"}]},{"@type":"WebSite","@id":"https:\/\/podologiaclaret.com\/#website","url":"https:\/\/podologiaclaret.com\/","name":"Podolog\u00eda Claret","description":"Centro de podolog\u00eda en Gracia, Barcelona","publisher":{"@id":"https:\/\/podologiaclaret.com\/#organization"},"potentialAction":[{"@type":"SearchAction","target":{"@type":"EntryPoint","urlTemplate":"https:\/\/podologiaclaret.com\/?s={search_term_string}"},"query-input":{"@type":"PropertyValueSpecification","valueRequired":true,"valueName":"search_term_string"}}],"inLanguage":"ca"},{"@type":"Organization","@id":"https:\/\/podologiaclaret.com\/#organization","name":"Podolog\u00eda Claret","url":"https:\/\/podologiaclaret.com\/","logo":{"@type":"ImageObject","inLanguage":"ca","@id":"https:\/\/podologiaclaret.com\/#\/schema\/logo\/image\/","url":"https:\/\/podologiaclaret.com\/wp-content\/uploads\/2021\/08\/podologia.svg","contentUrl":"https:\/\/podologiaclaret.com\/wp-content\/uploads\/2021\/08\/podologia.svg","width":253,"height":72,"caption":"Podolog\u00eda Claret"},"image":{"@id":"https:\/\/podologiaclaret.com\/#\/schema\/logo\/image\/"}}]}},"_links":{"self":[{"href":"https:\/\/podologiaclaret.com\/ca\/wp-json\/wp\/v2\/pages\/1606","targetHints":{"allow":["GET"]}}],"collection":[{"href":"https:\/\/podologiaclaret.com\/ca\/wp-json\/wp\/v2\/pages"}],"about":[{"href":"https:\/\/podologiaclaret.com\/ca\/wp-json\/wp\/v2\/types\/page"}],"author":[{"embeddable":true,"href":"https:\/\/podologiaclaret.com\/ca\/wp-json\/wp\/v2\/users\/1"}],"replies":[{"embeddable":true,"href":"https:\/\/podologiaclaret.com\/ca\/wp-json\/wp\/v2\/comments?post=1606"}],"version-history":[{"count":5,"href":"https:\/\/podologiaclaret.com\/ca\/wp-json\/wp\/v2\/pages\/1606\/revisions"}],"predecessor-version":[{"id":2093,"href":"https:\/\/podologiaclaret.com\/ca\/wp-json\/wp\/v2\/pages\/1606\/revisions\/2093"}],"wp:featuredmedia":[{"embeddable":true,"href":"https:\/\/podologiaclaret.com\/ca\/wp-json\/wp\/v2\/media\/1620"}],"wp:attachment":[{"href":"https:\/\/podologiaclaret.com\/ca\/wp-json\/wp\/v2\/media?parent=1606"}],"curies":[{"name":"wp","href":"https:\/\/api.w.org\/{rel}","templated":true}]}}